{"id":888,"date":"2024-06-06T17:36:20","date_gmt":"2024-06-06T16:36:20","guid":{"rendered":"https:\/\/omika.ch\/?page_id=888"},"modified":"2024-08-29T19:18:09","modified_gmt":"2024-08-29T18:18:09","slug":"zz_staegenbuck","status":"publish","type":"page","link":"https:\/\/omika.ch\/?page_id=888","title":{"rendered":"Zwischenzeiten Staegenbuck"},"content":{"rendered":"\n\n\t\t\t<h1>RESULTATE<\/h1>\t\t\t\n\t\t\t<h5>Schule St\u00e4genbuck, D\u00fcbendorf<\/h5><h2>Zwischenzeiten<\/h2>\t\t\t\n\t\t\t<a href=\"https:\/\/omika.ch\/?page_id=720\" target=\"_self\" rel=\"noopener\">\n\t\t\t\t\t\t\t\tZur\u00fcck\n\t\t\t\t\t\t\t<\/a>\n\t\t\t<a href=\"https:\/\/omika.ch\/?page_id=843\" target=\"_self\" rel=\"noopener\">\n\t\t\t\t\t\t\t\tGesamtzeit\n\t\t\t\t\t\t\t<\/a>\n\t<embed src=\n\"https:\/\/omika.ch\/wp-content\/uploads\/2024\/06\/schlusslauf_zwischenzeit_staegenbuck_24.pdf\"\nwidth=\"1120px\"\nheight=\"500px\/>&#8220;\n\n","protected":false},"excerpt":{"rendered":"<p>RESULTATE Schule St\u00e4genbuck, D\u00fcbendorf Zwischenzeiten Zur\u00fcck Gesamtzeit<\/p>\n","protected":false},"author":1,"featured_media":0,"parent":720,"menu_order":4,"comment_status":"closed","ping_status":"closed","template":"","meta":{"site-sidebar-layout":"no-sidebar","site-content-layout":"page-builder","ast-site-content-layout":"full-width-container","site-content-style":"unboxed","site-sidebar-style":"unboxed","ast-global-header-display":"","ast-banner-title-visibility":"","ast-main-header-display":"","ast-hfb-above-header-display":"","ast-hfb-below-header-display":"","ast-hfb-mobile-header-display":"","site-post-title":"disabled","ast-breadcrumbs-content":"","ast-featured-img":"disabled","footer-sml-layout":"","ast-disable-related-posts":"","theme-transparent-header-meta":"enabled","adv-header-id-meta":"","stick-header-meta":"default","header-above-stick-meta":"","header-main-stick-meta":"","header-below-stick-meta":"","astra-migrate-meta-layouts":"set","ast-page-background-enabled":"default","ast-page-background-meta":{"desktop":{"background-color":"","background-image":"","background-repeat":"repeat","background-position":"center center","background-size":"auto","background-attachment":"scroll","background-type":"","background-media":"","overlay-type":"","overlay-color":"","overlay-opacity":"","overlay-gradient":""},"tablet":{"background-color":"","background-image":"","background-repeat":"repeat","background-position":"center center","background-size":"auto","background-attachment":"scroll","background-type":"","background-media":"","overlay-type":"","overlay-color":"","overlay-opacity":"","overlay-gradient":""},"mobile":{"background-color":"","background-image":"","background-repeat":"repeat","background-position":"center center","background-size":"auto","background-attachment":"scroll","background-type":"","background-media":"","overlay-type":"","overlay-color":"","overlay-opacity":"","overlay-gradient":""}},"ast-content-background-meta":{"desktop":{"background-color":"var(--ast-global-color-5)","background-image":"","background-repeat":"repeat","background-position":"center center","background-size":"auto","background-attachment":"scroll","background-type":"","background-media":"","overlay-type":"","overlay-color":"","overlay-opacity":"","overlay-gradient":""},"tablet":{"background-color":"var(--ast-global-color-5)","background-image":"","background-repeat":"repeat","background-position":"center center","background-size":"auto","background-attachment":"scroll","background-type":"","background-media":"","overlay-type":"","overlay-color":"","overlay-opacity":"","overlay-gradient":""},"mobile":{"background-color":"var(--ast-global-color-5)","background-image":"","background-repeat":"repeat","background-position":"center center","background-size":"auto","background-attachment":"scroll","background-type":"","background-media":"","overlay-type":"","overlay-color":"","overlay-opacity":"","overlay-gradient":""}},"footnotes":""},"class_list":["post-888","page","type-page","status-publish","hentry"],"yoast_head":"<!-- This site is optimized with the Yoast SEO plugin v27.4 - https:\/\/yoast.com\/product\/yoast-seo-wordpress\/ -->\n<title>Zwischenzeiten Staegenbuck - Orientieren mit Karte<\/title>\n<meta name=\"robots\" content=\"index, follow, max-snippet:-1, max-image-preview:large, max-video-preview:-1\" \/>\n<link rel=\"canonical\" href=\"https:\/\/omika.ch\/?page_id=888\" \/>\n<meta property=\"og:locale\" content=\"de_DE\" \/>\n<meta property=\"og:type\" content=\"article\" \/>\n<meta property=\"og:title\" content=\"Zwischenzeiten Staegenbuck - Orientieren mit Karte\" \/>\n<meta property=\"og:description\" content=\"RESULTATE Schule St\u00e4genbuck, D\u00fcbendorf Zwischenzeiten Zur\u00fcck Gesamtzeit\" \/>\n<meta property=\"og:url\" content=\"https:\/\/omika.ch\/?page_id=888\" \/>\n<meta property=\"og:site_name\" content=\"Orientieren mit Karte\" \/>\n<meta property=\"article:modified_time\" content=\"2024-08-29T18:18:09+00:00\" \/>\n<meta name=\"twitter:card\" content=\"summary_large_image\" \/>\n<script type=\"application\/ld+json\" class=\"yoast-schema-graph\">{\"@context\":\"https:\\\/\\\/schema.org\",\"@graph\":[{\"@type\":\"WebPage\",\"@id\":\"https:\\\/\\\/omika.ch\\\/?page_id=888\",\"url\":\"https:\\\/\\\/omika.ch\\\/?page_id=888\",\"name\":\"Zwischenzeiten Staegenbuck - Orientieren mit Karte\",\"isPartOf\":{\"@id\":\"https:\\\/\\\/omika.ch\\\/#website\"},\"datePublished\":\"2024-06-06T16:36:20+00:00\",\"dateModified\":\"2024-08-29T18:18:09+00:00\",\"breadcrumb\":{\"@id\":\"https:\\\/\\\/omika.ch\\\/?page_id=888#breadcrumb\"},\"inLanguage\":\"de\",\"potentialAction\":[{\"@type\":\"ReadAction\",\"target\":[\"https:\\\/\\\/omika.ch\\\/?page_id=888\"]}]},{\"@type\":\"BreadcrumbList\",\"@id\":\"https:\\\/\\\/omika.ch\\\/?page_id=888#breadcrumb\",\"itemListElement\":[{\"@type\":\"ListItem\",\"position\":1,\"name\":\"Home\",\"item\":\"https:\\\/\\\/omika.ch\\\/\"},{\"@type\":\"ListItem\",\"position\":2,\"name\":\"Resultate\",\"item\":\"https:\\\/\\\/omika.ch\\\/?page_id=720\"},{\"@type\":\"ListItem\",\"position\":3,\"name\":\"Zwischenzeiten Staegenbuck\"}]},{\"@type\":\"WebSite\",\"@id\":\"https:\\\/\\\/omika.ch\\\/#website\",\"url\":\"https:\\\/\\\/omika.ch\\\/\",\"name\":\"Orientieren mit Karte\",\"description\":\"OL-Kurse f\u00fcr Schulen\",\"publisher\":{\"@id\":\"https:\\\/\\\/omika.ch\\\/#organization\"},\"potentialAction\":[{\"@type\":\"SearchAction\",\"target\":{\"@type\":\"EntryPoint\",\"urlTemplate\":\"https:\\\/\\\/omika.ch\\\/?s={search_term_string}\"},\"query-input\":{\"@type\":\"PropertyValueSpecification\",\"valueRequired\":true,\"valueName\":\"search_term_string\"}}],\"inLanguage\":\"de\"},{\"@type\":\"Organization\",\"@id\":\"https:\\\/\\\/omika.ch\\\/#organization\",\"name\":\"Orientieren mit Karte\",\"url\":\"https:\\\/\\\/omika.ch\\\/\",\"logo\":{\"@type\":\"ImageObject\",\"inLanguage\":\"de\",\"@id\":\"https:\\\/\\\/omika.ch\\\/#\\\/schema\\\/logo\\\/image\\\/\",\"url\":\"https:\\\/\\\/omika.ch\\\/wp-content\\\/uploads\\\/2022\\\/01\\\/logo_omika_.png\",\"contentUrl\":\"https:\\\/\\\/omika.ch\\\/wp-content\\\/uploads\\\/2022\\\/01\\\/logo_omika_.png\",\"width\":2303,\"height\":462,\"caption\":\"Orientieren mit Karte\"},\"image\":{\"@id\":\"https:\\\/\\\/omika.ch\\\/#\\\/schema\\\/logo\\\/image\\\/\"}}]}<\/script>\n<!-- \/ Yoast SEO plugin. -->","yoast_head_json":{"title":"Zwischenzeiten Staegenbuck - Orientieren mit Karte","robots":{"index":"index","follow":"follow","max-snippet":"max-snippet:-1","max-image-preview":"max-image-preview:large","max-video-preview":"max-video-preview:-1"},"canonical":"https:\/\/omika.ch\/?page_id=888","og_locale":"de_DE","og_type":"article","og_title":"Zwischenzeiten Staegenbuck - Orientieren mit Karte","og_description":"RESULTATE Schule St\u00e4genbuck, D\u00fcbendorf Zwischenzeiten Zur\u00fcck Gesamtzeit","og_url":"https:\/\/omika.ch\/?page_id=888","og_site_name":"Orientieren mit Karte","article_modified_time":"2024-08-29T18:18:09+00:00","twitter_card":"summary_large_image","schema":{"@context":"https:\/\/schema.org","@graph":[{"@type":"WebPage","@id":"https:\/\/omika.ch\/?page_id=888","url":"https:\/\/omika.ch\/?page_id=888","name":"Zwischenzeiten Staegenbuck - Orientieren mit Karte","isPartOf":{"@id":"https:\/\/omika.ch\/#website"},"datePublished":"2024-06-06T16:36:20+00:00","dateModified":"2024-08-29T18:18:09+00:00","breadcrumb":{"@id":"https:\/\/omika.ch\/?page_id=888#breadcrumb"},"inLanguage":"de","potentialAction":[{"@type":"ReadAction","target":["https:\/\/omika.ch\/?page_id=888"]}]},{"@type":"BreadcrumbList","@id":"https:\/\/omika.ch\/?page_id=888#breadcrumb","itemListElement":[{"@type":"ListItem","position":1,"name":"Home","item":"https:\/\/omika.ch\/"},{"@type":"ListItem","position":2,"name":"Resultate","item":"https:\/\/omika.ch\/?page_id=720"},{"@type":"ListItem","position":3,"name":"Zwischenzeiten Staegenbuck"}]},{"@type":"WebSite","@id":"https:\/\/omika.ch\/#website","url":"https:\/\/omika.ch\/","name":"Orientieren mit Karte","description":"OL-Kurse f\u00fcr Schulen","publisher":{"@id":"https:\/\/omika.ch\/#organization"},"potentialAction":[{"@type":"SearchAction","target":{"@type":"EntryPoint","urlTemplate":"https:\/\/omika.ch\/?s={search_term_string}"},"query-input":{"@type":"PropertyValueSpecification","valueRequired":true,"valueName":"search_term_string"}}],"inLanguage":"de"},{"@type":"Organization","@id":"https:\/\/omika.ch\/#organization","name":"Orientieren mit Karte","url":"https:\/\/omika.ch\/","logo":{"@type":"ImageObject","inLanguage":"de","@id":"https:\/\/omika.ch\/#\/schema\/logo\/image\/","url":"https:\/\/omika.ch\/wp-content\/uploads\/2022\/01\/logo_omika_.png","contentUrl":"https:\/\/omika.ch\/wp-content\/uploads\/2022\/01\/logo_omika_.png","width":2303,"height":462,"caption":"Orientieren mit Karte"},"image":{"@id":"https:\/\/omika.ch\/#\/schema\/logo\/image\/"}}]}},"_links":{"self":[{"href":"https:\/\/omika.ch\/index.php?rest_route=\/wp\/v2\/pages\/888","targetHints":{"allow":["GET"]}}],"collection":[{"href":"https:\/\/omika.ch\/index.php?rest_route=\/wp\/v2\/pages"}],"about":[{"href":"https:\/\/omika.ch\/index.php?rest_route=\/wp\/v2\/types\/page"}],"author":[{"embeddable":true,"href":"https:\/\/omika.ch\/index.php?rest_route=\/wp\/v2\/users\/1"}],"replies":[{"embeddable":true,"href":"https:\/\/omika.ch\/index.php?rest_route=%2Fwp%2Fv2%2Fcomments&post=888"}],"version-history":[{"count":10,"href":"https:\/\/omika.ch\/index.php?rest_route=\/wp\/v2\/pages\/888\/revisions"}],"predecessor-version":[{"id":951,"href":"https:\/\/omika.ch\/index.php?rest_route=\/wp\/v2\/pages\/888\/revisions\/951"}],"up":[{"embeddable":true,"href":"https:\/\/omika.ch\/index.php?rest_route=\/wp\/v2\/pages\/720"}],"wp:attachment":[{"href":"https:\/\/omika.ch\/index.php?rest_route=%2Fwp%2Fv2%2Fmedia&parent=888"}],"curies":[{"name":"wp","href":"https:\/\/api.w.org\/{rel}","templated":true}]}}