{"id":516,"date":"2022-02-05T16:14:14","date_gmt":"2022-02-05T15:14:14","guid":{"rendered":"https:\/\/new22.omika.ch\/?page_id=516"},"modified":"2024-07-06T00:57:14","modified_gmt":"2024-07-05T23:57:14","slug":"karten","status":"publish","type":"page","link":"https:\/\/omika.ch\/?page_id=516","title":{"rendered":"OL-Karten"},"content":{"rendered":"\n\n\t\t\t<h1>OL- Karten<\/h1>\t\t\t\n\t\t\t<h5>Orientierungslaufkarten<\/h5>\n\t\t\t\t<p>Das wichtigste Hilfsmittel beim Orientierungslauf ist die Karte. Es handelt sich um topographische Karten, die jedoch viel detaillierter sind als die herk\u00f6mmlichen topographischen Karten.<\/p>\n<p>Die Karten haben einen Massstab von 1:15&#8217;000, 1:10&#8217;000 oder bei Sprints 1:4000. Die <a href=\"#Schulhauskarten\">Schulhauskarten <\/a>haben meistens den Masstab 1:1000.<\/p>\n<p>Die Kartensymbole sind von der IOF standardisiert und so gestaltet, dass sie von allen Teilnehmern unabh\u00e4ngig von ihrer Herkunft oder Muttersprache gelesen werden k\u00f6nnen.<\/p>\n\t\t\t<h5>Kartenproduktion<\/h5><h2>Schulareal<\/h2>\t\t\t\n\t\t\t\t<p>In der Schweiz gibt es weit \u00fcber 2000 Schulhaus-OL-Karten, die in Zusammenarbeit zwischen Schulen und lokalen OL-Vereinen entstanden sind. Sie erm\u00f6glichen lehrreiche \u00dcbungen in der gewohnten Umgebung ohne Anreise.<\/p>\n<p>Die Firma OMIKA kann bei Bedarf eine solche Karte herstellen.<\/p>\n\t\t\t<h5>Farben der OL-Karten<\/h5>\n\t\t\t\t<p>Die Bedeutungen der Farben lassen sich wie folgt leichter merken:<\/p>\n<ul>\n<li>Weiss bedeutet Wald<\/li>\n<li>Gelb ist die Karte dort, wo die Sonne hin scheinen kann: freies Gel\u00e4nde, Wiesen, Lichtungen, Kahlschlag<\/li>\n<li>Schwarz sind Steine und Felsen sowie k\u00fcnstliche Objekte: Strassen, Z\u00e4une, H\u00e4user usw.<\/li>\n<li>Blau kennzeichnet Wasser: Bach, See, Brunnstube, Quelle usw.<\/li>\n<li>Gr\u00fcn ist die Farbe der Pflanzen: Dickichte (je gr\u00fcner, desto dichter), Einzelb\u00e4ume, Wurzelst\u00f6cke<\/li>\n<li>Braun sind die Gel\u00e4ndeformen und -objekte, D. h. alles, was aus Erde ist: H\u00fcgel, Senken, Graben usw.<\/li>\n<\/ul>\n\t\t\t<h5>Symbole f\u00fcr Schularealkarten<\/h5>\n\t\t\t\t<img decoding=\"async\" src=\"https:\/\/omika.ch\/wp-content\/uploads\/2022\/02\/Bildschirmfoto-2022-02-11-um-17.28.35.png\" alt=\"Symbolsatz Schulhauskarte\" title=\"Symbolsatz Schulhauskarte\" itemprop=\"image\"  \/>\n\n","protected":false},"excerpt":{"rendered":"<p>OL- Karten Orientierungslaufkarten Das wichtigste Hilfsmittel beim Orientierungslauf ist die Karte. Es handelt sich um topographische Karten, die jedoch viel detaillierter sind als die herk\u00f6mmlichen topographischen Karten. Die Karten haben einen Massstab von 1:15&#8217;000, 1:10&#8217;000 oder bei Sprints 1:4000. Die Schulhauskarten haben meistens den Masstab 1:1000. Die Kartensymbole sind von der IOF standardisiert und so [&hellip;]<\/p>\n","protected":false},"author":1,"featured_media":0,"parent":427,"menu_order":2,"comment_status":"closed","ping_status":"closed","template":"","meta":{"site-sidebar-layout":"no-sidebar","site-content-layout":"page-builder","ast-site-content-layout":"default","site-content-style":"default","site-sidebar-style":"default","ast-global-header-display":"","ast-banner-title-visibility":"","ast-main-header-display":"","ast-hfb-above-header-display":"","ast-hfb-below-header-display":"","ast-hfb-mobile-header-display":"","site-post-title":"disabled","ast-breadcrumbs-content":"","ast-featured-img":"disabled","footer-sml-layout":"","ast-disable-related-posts":"","theme-transparent-header-meta":"enabled","adv-header-id-meta":"","stick-header-meta":"default","header-above-stick-meta":"","header-main-stick-meta":"","header-below-stick-meta":"","astra-migrate-meta-layouts":"default","ast-page-background-enabled":"default","ast-page-background-meta":{"desktop":{"background-color":"","background-image":"","background-repeat":"repeat","background-position":"center center","background-size":"auto","background-attachment":"scroll","background-type":"","background-media":"","overlay-type":"","overlay-color":"","overlay-opacity":"","overlay-gradient":""},"tablet":{"background-color":"","background-image":"","background-repeat":"repeat","background-position":"center center","background-size":"auto","background-attachment":"scroll","background-type":"","background-media":"","overlay-type":"","overlay-color":"","overlay-opacity":"","overlay-gradient":""},"mobile":{"background-color":"","background-image":"","background-repeat":"repeat","background-position":"center center","background-size":"auto","background-attachment":"scroll","background-type":"","background-media":"","overlay-type":"","overlay-color":"","overlay-opacity":"","overlay-gradient":""}},"ast-content-background-meta":{"desktop":{"background-color":"var(--ast-global-color-5)","background-image":"","background-repeat":"repeat","background-position":"center center","background-size":"auto","background-attachment":"scroll","background-type":"","background-media":"","overlay-type":"","overlay-color":"","overlay-opacity":"","overlay-gradient":""},"tablet":{"background-color":"var(--ast-global-color-5)","background-image":"","background-repeat":"repeat","background-position":"center center","background-size":"auto","background-attachment":"scroll","background-type":"","background-media":"","overlay-type":"","overlay-color":"","overlay-opacity":"","overlay-gradient":""},"mobile":{"background-color":"var(--ast-global-color-5)","background-image":"","background-repeat":"repeat","background-position":"center center","background-size":"auto","background-attachment":"scroll","background-type":"","background-media":"","overlay-type":"","overlay-color":"","overlay-opacity":"","overlay-gradient":""}},"footnotes":""},"class_list":["post-516","page","type-page","status-publish","hentry"],"yoast_head":"<!-- This site is optimized with the Yoast SEO plugin v27.4 - https:\/\/yoast.com\/product\/yoast-seo-wordpress\/ -->\n<title>OL-Karten - Orientieren mit Karte<\/title>\n<meta name=\"robots\" content=\"index, follow, max-snippet:-1, max-image-preview:large, max-video-preview:-1\" \/>\n<link rel=\"canonical\" href=\"https:\/\/omika.ch\/?page_id=516\" \/>\n<meta property=\"og:locale\" content=\"de_DE\" \/>\n<meta property=\"og:type\" content=\"article\" \/>\n<meta property=\"og:title\" content=\"OL-Karten - Orientieren mit Karte\" \/>\n<meta property=\"og:description\" content=\"OL- Karten Orientierungslaufkarten Das wichtigste Hilfsmittel beim Orientierungslauf ist die Karte. Es handelt sich um topographische Karten, die jedoch viel detaillierter sind als die herk\u00f6mmlichen topographischen Karten. Die Karten haben einen Massstab von 1:15&#8217;000, 1:10&#8217;000 oder bei Sprints 1:4000. Die Schulhauskarten haben meistens den Masstab 1:1000. Die Kartensymbole sind von der IOF standardisiert und so [&hellip;]\" \/>\n<meta property=\"og:url\" content=\"https:\/\/omika.ch\/?page_id=516\" \/>\n<meta property=\"og:site_name\" content=\"Orientieren mit Karte\" \/>\n<meta property=\"article:modified_time\" content=\"2024-07-05T23:57:14+00:00\" \/>\n<meta property=\"og:image\" content=\"https:\/\/omika.ch\/wp-content\/uploads\/2022\/02\/Bildschirmfoto-2022-02-11-um-17.28.35.png\" \/>\n<meta name=\"twitter:card\" content=\"summary_large_image\" \/>\n<meta name=\"twitter:label1\" content=\"Gesch\u00e4tzte Lesezeit\" \/>\n\t<meta name=\"twitter:data1\" content=\"1\u00a0Minute\" \/>\n<script type=\"application\/ld+json\" class=\"yoast-schema-graph\">{\"@context\":\"https:\\\/\\\/schema.org\",\"@graph\":[{\"@type\":\"WebPage\",\"@id\":\"https:\\\/\\\/omika.ch\\\/?page_id=516\",\"url\":\"https:\\\/\\\/omika.ch\\\/?page_id=516\",\"name\":\"OL-Karten - Orientieren mit Karte\",\"isPartOf\":{\"@id\":\"https:\\\/\\\/omika.ch\\\/#website\"},\"primaryImageOfPage\":{\"@id\":\"https:\\\/\\\/omika.ch\\\/?page_id=516#primaryimage\"},\"image\":{\"@id\":\"https:\\\/\\\/omika.ch\\\/?page_id=516#primaryimage\"},\"thumbnailUrl\":\"https:\\\/\\\/omika.ch\\\/wp-content\\\/uploads\\\/2022\\\/02\\\/Bildschirmfoto-2022-02-11-um-17.28.35.png\",\"datePublished\":\"2022-02-05T15:14:14+00:00\",\"dateModified\":\"2024-07-05T23:57:14+00:00\",\"breadcrumb\":{\"@id\":\"https:\\\/\\\/omika.ch\\\/?page_id=516#breadcrumb\"},\"inLanguage\":\"de\",\"potentialAction\":[{\"@type\":\"ReadAction\",\"target\":[\"https:\\\/\\\/omika.ch\\\/?page_id=516\"]}]},{\"@type\":\"ImageObject\",\"inLanguage\":\"de\",\"@id\":\"https:\\\/\\\/omika.ch\\\/?page_id=516#primaryimage\",\"url\":\"https:\\\/\\\/omika.ch\\\/wp-content\\\/uploads\\\/2022\\\/02\\\/Bildschirmfoto-2022-02-11-um-17.28.35.png\",\"contentUrl\":\"https:\\\/\\\/omika.ch\\\/wp-content\\\/uploads\\\/2022\\\/02\\\/Bildschirmfoto-2022-02-11-um-17.28.35.png\",\"width\":740,\"height\":1616,\"caption\":\"Symbolsatz Schulhauskarte\"},{\"@type\":\"BreadcrumbList\",\"@id\":\"https:\\\/\\\/omika.ch\\\/?page_id=516#breadcrumb\",\"itemListElement\":[{\"@type\":\"ListItem\",\"position\":1,\"name\":\"Home\",\"item\":\"https:\\\/\\\/omika.ch\\\/\"},{\"@type\":\"ListItem\",\"position\":2,\"name\":\"Was wir bieten\",\"item\":\"https:\\\/\\\/omika.ch\\\/?page_id=427\"},{\"@type\":\"ListItem\",\"position\":3,\"name\":\"OL-Karten\"}]},{\"@type\":\"WebSite\",\"@id\":\"https:\\\/\\\/omika.ch\\\/#website\",\"url\":\"https:\\\/\\\/omika.ch\\\/\",\"name\":\"Orientieren mit Karte\",\"description\":\"OL-Kurse f\u00fcr Schulen\",\"publisher\":{\"@id\":\"https:\\\/\\\/omika.ch\\\/#organization\"},\"potentialAction\":[{\"@type\":\"SearchAction\",\"target\":{\"@type\":\"EntryPoint\",\"urlTemplate\":\"https:\\\/\\\/omika.ch\\\/?s={search_term_string}\"},\"query-input\":{\"@type\":\"PropertyValueSpecification\",\"valueRequired\":true,\"valueName\":\"search_term_string\"}}],\"inLanguage\":\"de\"},{\"@type\":\"Organization\",\"@id\":\"https:\\\/\\\/omika.ch\\\/#organization\",\"name\":\"Orientieren mit Karte\",\"url\":\"https:\\\/\\\/omika.ch\\\/\",\"logo\":{\"@type\":\"ImageObject\",\"inLanguage\":\"de\",\"@id\":\"https:\\\/\\\/omika.ch\\\/#\\\/schema\\\/logo\\\/image\\\/\",\"url\":\"https:\\\/\\\/omika.ch\\\/wp-content\\\/uploads\\\/2022\\\/01\\\/logo_omika_.png\",\"contentUrl\":\"https:\\\/\\\/omika.ch\\\/wp-content\\\/uploads\\\/2022\\\/01\\\/logo_omika_.png\",\"width\":2303,\"height\":462,\"caption\":\"Orientieren mit Karte\"},\"image\":{\"@id\":\"https:\\\/\\\/omika.ch\\\/#\\\/schema\\\/logo\\\/image\\\/\"}}]}<\/script>\n<!-- \/ Yoast SEO plugin. -->","yoast_head_json":{"title":"OL-Karten - Orientieren mit Karte","robots":{"index":"index","follow":"follow","max-snippet":"max-snippet:-1","max-image-preview":"max-image-preview:large","max-video-preview":"max-video-preview:-1"},"canonical":"https:\/\/omika.ch\/?page_id=516","og_locale":"de_DE","og_type":"article","og_title":"OL-Karten - Orientieren mit Karte","og_description":"OL- Karten Orientierungslaufkarten Das wichtigste Hilfsmittel beim Orientierungslauf ist die Karte. Es handelt sich um topographische Karten, die jedoch viel detaillierter sind als die herk\u00f6mmlichen topographischen Karten. Die Karten haben einen Massstab von 1:15&#8217;000, 1:10&#8217;000 oder bei Sprints 1:4000. Die Schulhauskarten haben meistens den Masstab 1:1000. Die Kartensymbole sind von der IOF standardisiert und so [&hellip;]","og_url":"https:\/\/omika.ch\/?page_id=516","og_site_name":"Orientieren mit Karte","article_modified_time":"2024-07-05T23:57:14+00:00","og_image":[{"url":"https:\/\/omika.ch\/wp-content\/uploads\/2022\/02\/Bildschirmfoto-2022-02-11-um-17.28.35.png","type":"","width":"","height":""}],"twitter_card":"summary_large_image","twitter_misc":{"Gesch\u00e4tzte Lesezeit":"1\u00a0Minute"},"schema":{"@context":"https:\/\/schema.org","@graph":[{"@type":"WebPage","@id":"https:\/\/omika.ch\/?page_id=516","url":"https:\/\/omika.ch\/?page_id=516","name":"OL-Karten - Orientieren mit Karte","isPartOf":{"@id":"https:\/\/omika.ch\/#website"},"primaryImageOfPage":{"@id":"https:\/\/omika.ch\/?page_id=516#primaryimage"},"image":{"@id":"https:\/\/omika.ch\/?page_id=516#primaryimage"},"thumbnailUrl":"https:\/\/omika.ch\/wp-content\/uploads\/2022\/02\/Bildschirmfoto-2022-02-11-um-17.28.35.png","datePublished":"2022-02-05T15:14:14+00:00","dateModified":"2024-07-05T23:57:14+00:00","breadcrumb":{"@id":"https:\/\/omika.ch\/?page_id=516#breadcrumb"},"inLanguage":"de","potentialAction":[{"@type":"ReadAction","target":["https:\/\/omika.ch\/?page_id=516"]}]},{"@type":"ImageObject","inLanguage":"de","@id":"https:\/\/omika.ch\/?page_id=516#primaryimage","url":"https:\/\/omika.ch\/wp-content\/uploads\/2022\/02\/Bildschirmfoto-2022-02-11-um-17.28.35.png","contentUrl":"https:\/\/omika.ch\/wp-content\/uploads\/2022\/02\/Bildschirmfoto-2022-02-11-um-17.28.35.png","width":740,"height":1616,"caption":"Symbolsatz Schulhauskarte"},{"@type":"BreadcrumbList","@id":"https:\/\/omika.ch\/?page_id=516#breadcrumb","itemListElement":[{"@type":"ListItem","position":1,"name":"Home","item":"https:\/\/omika.ch\/"},{"@type":"ListItem","position":2,"name":"Was wir bieten","item":"https:\/\/omika.ch\/?page_id=427"},{"@type":"ListItem","position":3,"name":"OL-Karten"}]},{"@type":"WebSite","@id":"https:\/\/omika.ch\/#website","url":"https:\/\/omika.ch\/","name":"Orientieren mit Karte","description":"OL-Kurse f\u00fcr Schulen","publisher":{"@id":"https:\/\/omika.ch\/#organization"},"potentialAction":[{"@type":"SearchAction","target":{"@type":"EntryPoint","urlTemplate":"https:\/\/omika.ch\/?s={search_term_string}"},"query-input":{"@type":"PropertyValueSpecification","valueRequired":true,"valueName":"search_term_string"}}],"inLanguage":"de"},{"@type":"Organization","@id":"https:\/\/omika.ch\/#organization","name":"Orientieren mit Karte","url":"https:\/\/omika.ch\/","logo":{"@type":"ImageObject","inLanguage":"de","@id":"https:\/\/omika.ch\/#\/schema\/logo\/image\/","url":"https:\/\/omika.ch\/wp-content\/uploads\/2022\/01\/logo_omika_.png","contentUrl":"https:\/\/omika.ch\/wp-content\/uploads\/2022\/01\/logo_omika_.png","width":2303,"height":462,"caption":"Orientieren mit Karte"},"image":{"@id":"https:\/\/omika.ch\/#\/schema\/logo\/image\/"}}]}},"_links":{"self":[{"href":"https:\/\/omika.ch\/index.php?rest_route=\/wp\/v2\/pages\/516","targetHints":{"allow":["GET"]}}],"collection":[{"href":"https:\/\/omika.ch\/index.php?rest_route=\/wp\/v2\/pages"}],"about":[{"href":"https:\/\/omika.ch\/index.php?rest_route=\/wp\/v2\/types\/page"}],"author":[{"embeddable":true,"href":"https:\/\/omika.ch\/index.php?rest_route=\/wp\/v2\/users\/1"}],"replies":[{"embeddable":true,"href":"https:\/\/omika.ch\/index.php?rest_route=%2Fwp%2Fv2%2Fcomments&post=516"}],"version-history":[{"count":43,"href":"https:\/\/omika.ch\/index.php?rest_route=\/wp\/v2\/pages\/516\/revisions"}],"predecessor-version":[{"id":910,"href":"https:\/\/omika.ch\/index.php?rest_route=\/wp\/v2\/pages\/516\/revisions\/910"}],"up":[{"embeddable":true,"href":"https:\/\/omika.ch\/index.php?rest_route=\/wp\/v2\/pages\/427"}],"wp:attachment":[{"href":"https:\/\/omika.ch\/index.php?rest_route=%2Fwp%2Fv2%2Fmedia&parent=516"}],"curies":[{"name":"wp","href":"https:\/\/api.w.org\/{rel}","templated":true}]}}