{"id":22,"date":"2022-01-24T22:30:23","date_gmt":"2022-01-24T21:30:23","guid":{"rendered":"https:\/\/new22.omika.ch\/?page_id=22"},"modified":"2024-07-06T00:42:44","modified_gmt":"2024-07-05T23:42:44","slug":"schulung","status":"publish","type":"page","link":"https:\/\/omika.ch\/?page_id=22","title":{"rendered":"OL-Schulung"},"content":{"rendered":"\n\n\t\t\t<h1>OL- Schulung<\/h1>\t\t\t\n\t\t\t\t<img decoding=\"async\" src=\"https:\/\/omika.ch\/wp-content\/uploads\/2022\/02\/IMG_4683-scaled.jpeg\" alt=\"IMG_4683\" title=\"IMG_4683\" itemprop=\"image\"  \/>\n\t\t\t<h5>Angebote<\/h5>\n\t\t\t\t<p>Ich organisiere Anl\u00e4sse zum Thema &#8222;Orientierung mit Karte&#8220; f\u00fcr verschiedene Schulstufen. Auch f\u00fcr Familien-, Vereins- und Firmenanl\u00e4sse organisiere ich gerne einen OL.<\/p>\n<p>In meinem <a href=\"https:\/\/teamup.com\/ks8sazf3uf3a4g928m\" target=\"_blank\" rel=\"noopener\">Kalender<\/a> findest du meine freien Termine. F\u00fcr ein erstes Gespr\u00e4ch kannst du mich gerne <a href=\"mailto:kontakt@omika.ch\">kontaktieren<\/a>.<\/p>\n\t<h2>\n\t\t\t\tSchulanl\u00e4sse\n\t\t\t<\/h2>\n\t\t\t\t\t\t\t\t\t\t\t\t\t\t\t\t\t\t\t\n\t\t\t\t\t\t\t\t\t\t\t\t\t\t\t\t\t\t\t\t\t\t\t<h4>Kindergarten<\/h4> \t\t\t\t\t\t\t\t\t\t\t\n\t\t\t\t\t\t\t\t\t\t\t\t\t\t\t\t\t\t\t\t\t\t\t\t\t\t\t\t\t\t\t\t\t\t\t\t\t\t\t\t\t\t\t\t\t\t\t\t\t\t\t\t\t\t\t\t<p>Im\u00a0Kindergarten\u00a0alter lernen die 6-7-j\u00e4hrige spielerisch den OL kennen. Highlight ist hier der Schatzsuche des Programms.<\/p> \t\t\t\t\t\t\t\t\t\t\t\t\t\t\t\t\t\t\t\t\t\t\t\t\t\t\t\t\t\n\t\t\t\t\t\t\t\t\t\t\t\t\t\t\t\t\t\t\t\n\t\t\t\t\t\t\t\t\t\t\t\t\t\t\t\t\t\t\t\t\t\t\t<h4>Unterstufe<\/h4> \t\t\t\t\t\t\t\t\t\t\t\n\t\t\t\t\t\t\t\t\t\t\t\t\t\t\t\t\t\t\t\t\t\t\t\t\t\t\t\t\t\t\t\t\t\t\t\t\t\t\t\t\t\t\t\t\t\t\t\t\t\t\t\t\t\t\t\t<p>Mit\u00a08 Jahren kommen die Kinder erstmals mit einer OL-Karte in Kontakt. Sie lernen einen einfachen Plan zu lesen.<\/p> \t\t\t\t\t\t\t\t\t\t\t\t\t\t\t\t\t\t\t\t\t\t\t\t\t\t\t\t\t\n\t\t\t\t\t\t\t\t\t\t\t\t\t\t\t\t\t\t\t\n\t\t\t\t\t\t\t\t\t\t\t\t\t\t\t\t\t\t\t\t\t\t\t<h4>Mittelstufe<\/h4> \t\t\t\t\t\t\t\t\t\t\t\n\t\t\t\t\t\t\t\t\t\t\t\t\t\t\t\t\t\t\t\t\t\t\t\t\t\t\t\t\t\t\t\t\t\t\t\t\t\t\t\t\t\t\t\t\t\t\t\t\t\t\t\t\t\t\t\t<p>Ab der\u00a0Mittelstufe\u00a0hat das Orientieren im <a href=\"https:\/\/www.lehrplan21.ch\/\">Lehrplan<\/a> seinen festen Platz. Hier setze ich viele lehr- und erlebnisreiche \u00dcbungen f\u00fcr die Umsetzung ein.<\/p> \t\t\t\t\t\t\t\t\t\t\t\t\t\t\t\t\t\t\t\t\t\t\t\t\t\t\t\t\t\n\t\t\t\t\t\t\t\t\t\t\t\t\t\t\t\t\t\t\t\n\t\t\t\t\t\t\t\t\t\t\t\t\t\t\t\t\t\t\t\t\t\t\t<h4>Oberstufe<\/h4> \t\t\t\t\t\t\t\t\t\t\t\n\t\t\t\t\t\t\t\t\t\t\t\t\t\t\t\t\t\t\t\t\t\t\t\t\t\t\t\t\t\t\t\t\t\t\t\t\t\t\t\t\t\t\t\t\t\t\t\t\t\t\t\t\t\t\t\t<p>In der Oberstufe, Berufs- und Mittelschulen haben die Sch\u00fcler oft bereits Vorkenntnisse im Kartenlesen. Ich organisiere f\u00fcr den Orientierungslauf von A-Z.<\/p> \t\t\t\t\t\t\t\t\t\t\t\t\t\t\t\t\t\t\t\t\t\t\t\t\t\t\t\t\t\n\t\t\t<h5>Module<\/h5>\n\t\t\t\t<p>In einem Gespr\u00e4ch diskutieren wir Ideen und stellen ein stufengerechtes Programm zusammen. Das Angebot ist interessant und abwechslungsreich. Je nach Alter werden einfache oder anspruchsvolle Module eingesetzt. Unser 100% Service wird gesch\u00e4tzt.<\/p>\n\t\t\t\t<p>Angepasst an das jeweilige Niveau bieten wir die folgenden Module an:<\/p>\n<ul>\n<li>OL-Posten basteln<\/li>\n<li>Schnurr-OL<\/li>\n<li>Stempelsprint<\/li>\n<li>Foto-OL<\/li>\n<li>Schmetterlings-OL<\/li>\n<li>Schatzsuche<\/li>\n<li>OL-Memory<\/li>\n<li>Linienlauf<\/li>\n<li>Irrgarten-OL<\/li>\n<\/ul>\n\t\t\t\t<p>Beliebt ist einerseits das Programm &#8222;<a href=\"_wp_link_placeholder\" data-wplink-edit=\"true\">sCOOL<\/a>&#8220; &#8211; wir starten mit einem Stempelsprint, dann folgt der Schmetterlings-OL und nach der Pause eine Meisterschaft mit Vorlauf und Final.<\/p>\n<p>Auch der OL-Tag mit 4-5 Klassen wird gesch\u00e4tzt. Am Vormittag werden die Signaturen und die OL-Technik ge\u00fcbt und am Nachmittag folgt ein Wettkampf mit Vorlauf und Final.<\/p>\n\t\t\t<h5>Ein Film f\u00fcr die Kartenarbeit<\/h5><h3>NORDA<\/h3>\n\t\t\t\t\t<img decoding=\"async\" src=\"https:\/\/i.ytimg.com\/vi\/t4e59f1-j64\/mqdefault.jpg\" alt=\"youtube-video-thumbnail\"\/>\n\t\t\n","protected":false},"excerpt":{"rendered":"<p>OL- Schulung Angebote Ich organisiere Anl\u00e4sse zum Thema &#8222;Orientierung mit Karte&#8220; f\u00fcr verschiedene Schulstufen. Auch f\u00fcr Familien-, Vereins- und Firmenanl\u00e4sse organisiere ich gerne einen OL. In meinem Kalender findest du meine freien Termine. F\u00fcr ein erstes Gespr\u00e4ch kannst du mich gerne kontaktieren. Schulanl\u00e4sse Kindergarten Im\u00a0Kindergarten\u00a0alter lernen die 6-7-j\u00e4hrige spielerisch den OL kennen. Highlight ist hier [&hellip;]<\/p>\n","protected":false},"author":1,"featured_media":0,"parent":427,"menu_order":1,"comment_status":"closed","ping_status":"closed","template":"","meta":{"site-sidebar-layout":"no-sidebar","site-content-layout":"page-builder","ast-site-content-layout":"default","site-content-style":"default","site-sidebar-style":"default","ast-global-header-display":"","ast-banner-title-visibility":"","ast-main-header-display":"","ast-hfb-above-header-display":"","ast-hfb-below-header-display":"","ast-hfb-mobile-header-display":"","site-post-title":"disabled","ast-breadcrumbs-content":"","ast-featured-img":"disabled","footer-sml-layout":"","ast-disable-related-posts":"","theme-transparent-header-meta":"enabled","adv-header-id-meta":"","stick-header-meta":"default","header-above-stick-meta":"","header-main-stick-meta":"","header-below-stick-meta":"","astra-migrate-meta-layouts":"default","ast-page-background-enabled":"default","ast-page-background-meta":{"desktop":{"background-color":"","background-image":"","background-repeat":"repeat","background-position":"center center","background-size":"auto","background-attachment":"scroll","background-type":"","background-media":"","overlay-type":"","overlay-color":"","overlay-opacity":"","overlay-gradient":""},"tablet":{"background-color":"","background-image":"","background-repeat":"repeat","background-position":"center center","background-size":"auto","background-attachment":"scroll","background-type":"","background-media":"","overlay-type":"","overlay-color":"","overlay-opacity":"","overlay-gradient":""},"mobile":{"background-color":"","background-image":"","background-repeat":"repeat","background-position":"center center","background-size":"auto","background-attachment":"scroll","background-type":"","background-media":"","overlay-type":"","overlay-color":"","overlay-opacity":"","overlay-gradient":""}},"ast-content-background-meta":{"desktop":{"background-color":"var(--ast-global-color-5)","background-image":"","background-repeat":"repeat","background-position":"center center","background-size":"auto","background-attachment":"scroll","background-type":"","background-media":"","overlay-type":"","overlay-color":"","overlay-opacity":"","overlay-gradient":""},"tablet":{"background-color":"var(--ast-global-color-5)","background-image":"","background-repeat":"repeat","background-position":"center center","background-size":"auto","background-attachment":"scroll","background-type":"","background-media":"","overlay-type":"","overlay-color":"","overlay-opacity":"","overlay-gradient":""},"mobile":{"background-color":"var(--ast-global-color-5)","background-image":"","background-repeat":"repeat","background-position":"center center","background-size":"auto","background-attachment":"scroll","background-type":"","background-media":"","overlay-type":"","overlay-color":"","overlay-opacity":"","overlay-gradient":""}},"footnotes":""},"class_list":["post-22","page","type-page","status-publish","hentry"],"yoast_head":"<!-- This site is optimized with the Yoast SEO plugin v27.4 - https:\/\/yoast.com\/product\/yoast-seo-wordpress\/ -->\n<title>OL-Schulung - Orientieren mit Karte<\/title>\n<meta name=\"robots\" content=\"index, follow, max-snippet:-1, max-image-preview:large, max-video-preview:-1\" \/>\n<link rel=\"canonical\" href=\"https:\/\/omika.ch\/?page_id=22\" \/>\n<meta property=\"og:locale\" content=\"de_DE\" \/>\n<meta property=\"og:type\" content=\"article\" \/>\n<meta property=\"og:title\" content=\"OL-Schulung - Orientieren mit Karte\" \/>\n<meta property=\"og:description\" content=\"OL- Schulung Angebote Ich organisiere Anl\u00e4sse zum Thema &#8222;Orientierung mit Karte&#8220; f\u00fcr verschiedene Schulstufen. Auch f\u00fcr Familien-, Vereins- und Firmenanl\u00e4sse organisiere ich gerne einen OL. In meinem Kalender findest du meine freien Termine. F\u00fcr ein erstes Gespr\u00e4ch kannst du mich gerne kontaktieren. Schulanl\u00e4sse Kindergarten Im\u00a0Kindergarten\u00a0alter lernen die 6-7-j\u00e4hrige spielerisch den OL kennen. Highlight ist hier [&hellip;]\" \/>\n<meta property=\"og:url\" content=\"https:\/\/omika.ch\/?page_id=22\" \/>\n<meta property=\"og:site_name\" content=\"Orientieren mit Karte\" \/>\n<meta property=\"article:modified_time\" content=\"2024-07-05T23:42:44+00:00\" \/>\n<meta property=\"og:image\" content=\"https:\/\/omika.ch\/wp-content\/uploads\/2022\/02\/IMG_4683-scaled.jpeg\" \/>\n<meta name=\"twitter:card\" content=\"summary_large_image\" \/>\n<meta name=\"twitter:label1\" content=\"Gesch\u00e4tzte Lesezeit\" \/>\n\t<meta name=\"twitter:data1\" content=\"1\u00a0Minute\" \/>\n<script type=\"application\/ld+json\" class=\"yoast-schema-graph\">{\"@context\":\"https:\\\/\\\/schema.org\",\"@graph\":[{\"@type\":\"WebPage\",\"@id\":\"https:\\\/\\\/omika.ch\\\/?page_id=22\",\"url\":\"https:\\\/\\\/omika.ch\\\/?page_id=22\",\"name\":\"OL-Schulung - Orientieren mit Karte\",\"isPartOf\":{\"@id\":\"https:\\\/\\\/omika.ch\\\/#website\"},\"primaryImageOfPage\":{\"@id\":\"https:\\\/\\\/omika.ch\\\/?page_id=22#primaryimage\"},\"image\":{\"@id\":\"https:\\\/\\\/omika.ch\\\/?page_id=22#primaryimage\"},\"thumbnailUrl\":\"https:\\\/\\\/omika.ch\\\/wp-content\\\/uploads\\\/2022\\\/02\\\/IMG_4683-scaled.jpeg\",\"datePublished\":\"2022-01-24T21:30:23+00:00\",\"dateModified\":\"2024-07-05T23:42:44+00:00\",\"breadcrumb\":{\"@id\":\"https:\\\/\\\/omika.ch\\\/?page_id=22#breadcrumb\"},\"inLanguage\":\"de\",\"potentialAction\":[{\"@type\":\"ReadAction\",\"target\":[\"https:\\\/\\\/omika.ch\\\/?page_id=22\"]}]},{\"@type\":\"ImageObject\",\"inLanguage\":\"de\",\"@id\":\"https:\\\/\\\/omika.ch\\\/?page_id=22#primaryimage\",\"url\":\"https:\\\/\\\/omika.ch\\\/wp-content\\\/uploads\\\/2022\\\/02\\\/IMG_4683-scaled.jpeg\",\"contentUrl\":\"https:\\\/\\\/omika.ch\\\/wp-content\\\/uploads\\\/2022\\\/02\\\/IMG_4683-scaled.jpeg\",\"width\":2560,\"height\":1920},{\"@type\":\"BreadcrumbList\",\"@id\":\"https:\\\/\\\/omika.ch\\\/?page_id=22#breadcrumb\",\"itemListElement\":[{\"@type\":\"ListItem\",\"position\":1,\"name\":\"Home\",\"item\":\"https:\\\/\\\/omika.ch\\\/\"},{\"@type\":\"ListItem\",\"position\":2,\"name\":\"Was wir bieten\",\"item\":\"https:\\\/\\\/omika.ch\\\/?page_id=427\"},{\"@type\":\"ListItem\",\"position\":3,\"name\":\"OL-Schulung\"}]},{\"@type\":\"WebSite\",\"@id\":\"https:\\\/\\\/omika.ch\\\/#website\",\"url\":\"https:\\\/\\\/omika.ch\\\/\",\"name\":\"Orientieren mit Karte\",\"description\":\"OL-Kurse f\u00fcr Schulen\",\"publisher\":{\"@id\":\"https:\\\/\\\/omika.ch\\\/#organization\"},\"potentialAction\":[{\"@type\":\"SearchAction\",\"target\":{\"@type\":\"EntryPoint\",\"urlTemplate\":\"https:\\\/\\\/omika.ch\\\/?s={search_term_string}\"},\"query-input\":{\"@type\":\"PropertyValueSpecification\",\"valueRequired\":true,\"valueName\":\"search_term_string\"}}],\"inLanguage\":\"de\"},{\"@type\":\"Organization\",\"@id\":\"https:\\\/\\\/omika.ch\\\/#organization\",\"name\":\"Orientieren mit Karte\",\"url\":\"https:\\\/\\\/omika.ch\\\/\",\"logo\":{\"@type\":\"ImageObject\",\"inLanguage\":\"de\",\"@id\":\"https:\\\/\\\/omika.ch\\\/#\\\/schema\\\/logo\\\/image\\\/\",\"url\":\"https:\\\/\\\/omika.ch\\\/wp-content\\\/uploads\\\/2022\\\/01\\\/logo_omika_.png\",\"contentUrl\":\"https:\\\/\\\/omika.ch\\\/wp-content\\\/uploads\\\/2022\\\/01\\\/logo_omika_.png\",\"width\":2303,\"height\":462,\"caption\":\"Orientieren mit Karte\"},\"image\":{\"@id\":\"https:\\\/\\\/omika.ch\\\/#\\\/schema\\\/logo\\\/image\\\/\"}}]}<\/script>\n<!-- \/ Yoast SEO plugin. -->","yoast_head_json":{"title":"OL-Schulung - Orientieren mit Karte","robots":{"index":"index","follow":"follow","max-snippet":"max-snippet:-1","max-image-preview":"max-image-preview:large","max-video-preview":"max-video-preview:-1"},"canonical":"https:\/\/omika.ch\/?page_id=22","og_locale":"de_DE","og_type":"article","og_title":"OL-Schulung - Orientieren mit Karte","og_description":"OL- Schulung Angebote Ich organisiere Anl\u00e4sse zum Thema &#8222;Orientierung mit Karte&#8220; f\u00fcr verschiedene Schulstufen. Auch f\u00fcr Familien-, Vereins- und Firmenanl\u00e4sse organisiere ich gerne einen OL. In meinem Kalender findest du meine freien Termine. F\u00fcr ein erstes Gespr\u00e4ch kannst du mich gerne kontaktieren. Schulanl\u00e4sse Kindergarten Im\u00a0Kindergarten\u00a0alter lernen die 6-7-j\u00e4hrige spielerisch den OL kennen. Highlight ist hier [&hellip;]","og_url":"https:\/\/omika.ch\/?page_id=22","og_site_name":"Orientieren mit Karte","article_modified_time":"2024-07-05T23:42:44+00:00","og_image":[{"url":"https:\/\/omika.ch\/wp-content\/uploads\/2022\/02\/IMG_4683-scaled.jpeg","type":"","width":"","height":""}],"twitter_card":"summary_large_image","twitter_misc":{"Gesch\u00e4tzte Lesezeit":"1\u00a0Minute"},"schema":{"@context":"https:\/\/schema.org","@graph":[{"@type":"WebPage","@id":"https:\/\/omika.ch\/?page_id=22","url":"https:\/\/omika.ch\/?page_id=22","name":"OL-Schulung - Orientieren mit Karte","isPartOf":{"@id":"https:\/\/omika.ch\/#website"},"primaryImageOfPage":{"@id":"https:\/\/omika.ch\/?page_id=22#primaryimage"},"image":{"@id":"https:\/\/omika.ch\/?page_id=22#primaryimage"},"thumbnailUrl":"https:\/\/omika.ch\/wp-content\/uploads\/2022\/02\/IMG_4683-scaled.jpeg","datePublished":"2022-01-24T21:30:23+00:00","dateModified":"2024-07-05T23:42:44+00:00","breadcrumb":{"@id":"https:\/\/omika.ch\/?page_id=22#breadcrumb"},"inLanguage":"de","potentialAction":[{"@type":"ReadAction","target":["https:\/\/omika.ch\/?page_id=22"]}]},{"@type":"ImageObject","inLanguage":"de","@id":"https:\/\/omika.ch\/?page_id=22#primaryimage","url":"https:\/\/omika.ch\/wp-content\/uploads\/2022\/02\/IMG_4683-scaled.jpeg","contentUrl":"https:\/\/omika.ch\/wp-content\/uploads\/2022\/02\/IMG_4683-scaled.jpeg","width":2560,"height":1920},{"@type":"BreadcrumbList","@id":"https:\/\/omika.ch\/?page_id=22#breadcrumb","itemListElement":[{"@type":"ListItem","position":1,"name":"Home","item":"https:\/\/omika.ch\/"},{"@type":"ListItem","position":2,"name":"Was wir bieten","item":"https:\/\/omika.ch\/?page_id=427"},{"@type":"ListItem","position":3,"name":"OL-Schulung"}]},{"@type":"WebSite","@id":"https:\/\/omika.ch\/#website","url":"https:\/\/omika.ch\/","name":"Orientieren mit Karte","description":"OL-Kurse f\u00fcr Schulen","publisher":{"@id":"https:\/\/omika.ch\/#organization"},"potentialAction":[{"@type":"SearchAction","target":{"@type":"EntryPoint","urlTemplate":"https:\/\/omika.ch\/?s={search_term_string}"},"query-input":{"@type":"PropertyValueSpecification","valueRequired":true,"valueName":"search_term_string"}}],"inLanguage":"de"},{"@type":"Organization","@id":"https:\/\/omika.ch\/#organization","name":"Orientieren mit Karte","url":"https:\/\/omika.ch\/","logo":{"@type":"ImageObject","inLanguage":"de","@id":"https:\/\/omika.ch\/#\/schema\/logo\/image\/","url":"https:\/\/omika.ch\/wp-content\/uploads\/2022\/01\/logo_omika_.png","contentUrl":"https:\/\/omika.ch\/wp-content\/uploads\/2022\/01\/logo_omika_.png","width":2303,"height":462,"caption":"Orientieren mit Karte"},"image":{"@id":"https:\/\/omika.ch\/#\/schema\/logo\/image\/"}}]}},"_links":{"self":[{"href":"https:\/\/omika.ch\/index.php?rest_route=\/wp\/v2\/pages\/22","targetHints":{"allow":["GET"]}}],"collection":[{"href":"https:\/\/omika.ch\/index.php?rest_route=\/wp\/v2\/pages"}],"about":[{"href":"https:\/\/omika.ch\/index.php?rest_route=\/wp\/v2\/types\/page"}],"author":[{"embeddable":true,"href":"https:\/\/omika.ch\/index.php?rest_route=\/wp\/v2\/users\/1"}],"replies":[{"embeddable":true,"href":"https:\/\/omika.ch\/index.php?rest_route=%2Fwp%2Fv2%2Fcomments&post=22"}],"version-history":[{"count":59,"href":"https:\/\/omika.ch\/index.php?rest_route=\/wp\/v2\/pages\/22\/revisions"}],"predecessor-version":[{"id":906,"href":"https:\/\/omika.ch\/index.php?rest_route=\/wp\/v2\/pages\/22\/revisions\/906"}],"up":[{"embeddable":true,"href":"https:\/\/omika.ch\/index.php?rest_route=\/wp\/v2\/pages\/427"}],"wp:attachment":[{"href":"https:\/\/omika.ch\/index.php?rest_route=%2Fwp%2Fv2%2Fmedia&parent=22"}],"curies":[{"name":"wp","href":"https:\/\/api.w.org\/{rel}","templated":true}]}}